{"id":85,"date":"2019-07-11T09:34:41","date_gmt":"2019-07-11T07:34:41","guid":{"rendered":"http:\/\/cineclubbedarieux.fr\/?page_id=85"},"modified":"2024-06-04T11:32:08","modified_gmt":"2024-06-04T09:32:08","slug":"membre-du-conseil-dadministration-collectif","status":"publish","type":"page","link":"https:\/\/cineclubbedarieux.fr\/index.php\/page-d-acceuil-cine-club-bedarieux\/membre-du-conseil-dadministration-collectif\/","title":{"rendered":"Membre CAC"},"content":{"rendered":"\n<h3 class=\"wp-block-heading has-text-align-center\">Membre du conseil d&rsquo;administration collectif<\/h3>\n\n\n\n<p class=\"has-text-align-center has-very-dark-gray-color has-text-color has-medium-font-size\">                          <\/p>\n\n\n\n<p><\/p>\n\n\n\n<p><\/p>\n\n\n\n<p class=\"has-text-align-center has-very-dark-gray-color has-text-color has-medium-font-size\">    <\/p>\n\n\n\n<p><\/p>\n\n\n\n<p class=\"has-text-align-center has-very-dark-gray-color has-text-color has-medium-font-size\">                          <\/p>\n\n\n\n<p class=\"has-text-align-center has-very-dark-gray-color has-text-color has-medium-font-size\">                              <strong>Christine GERMA<\/strong>      <strong>Monique CUBELLS<\/strong>                    <strong>                                                                                                                                            ,<br>Annie BADESSI,                                                                                                                             Andr\u00e9 BLASCO<\/strong><\/p>\n\n\n\n<p class=\"has-text-align-center has-very-dark-gray-color has-text-color has-medium-font-size\"><strong>Paul COUDSI <br> Chantal SEVIN<br> Christine DAVID <br>Raymonde DEPRUN <br> Jean-Claude DERDEVET <br>FRAN\u00c7ois CHERREY <br><strong>Serge ROUMAGNAC<\/strong> <\/strong><\/p>\n\n\n\n<p class=\"has-text-align-center has-very-dark-gray-color has-text-color has-medium-font-size\"><\/p>\n\n\n\n<p class=\"has-text-align-center has-very-dark-gray-color has-text-color has-medium-font-size\"><strong><br> <br><\/strong><\/p>\n","protected":false},"excerpt":{"rendered":"<p>Membre du conseil d&rsquo;administration collectif Christine GERMA Monique CUBELLS ,Annie BADESSI, Andr\u00e9 BLASCO Paul COUDSI Chantal SEVIN Christine DAVID Raymonde DEPRUN Jean-Claude DERDEVET FRAN\u00c7ois CHERREY Serge ROUMAGNAC<\/p>\n","protected":false},"author":1,"featured_media":0,"parent":9,"menu_order":0,"comment_status":"closed","ping_status":"closed","template":"","meta":{"footnotes":""},"class_list":["post-85","page","type-page","status-publish","hentry"],"yoast_head":"<!-- This site is optimized with the Yoast SEO plugin v27.3 - https:\/\/yoast.com\/product\/yoast-seo-wordpress\/ -->\n<title>Membre CAC CCB - Conseil d\u2019administration coll\u00e9gial<\/title>\n<meta name=\"description\" content=\"Le cin\u00e9-club de B\u00e9darieux a adopt\u00e9 un CA coll\u00e9gial au sein duquel toutes les responsabilit\u00e9s et toutes les d\u00e9cisions sont assum\u00e9es et prises collectivement.\" \/>\n<meta name=\"robots\" content=\"index, follow, max-snippet:-1, max-image-preview:large, max-video-preview:-1\" \/>\n<link rel=\"canonical\" href=\"https:\/\/cineclubbedarieux.fr\/index.php\/page-d-acceuil-cine-club-bedarieux\/membre-du-conseil-dadministration-collectif\/\" \/>\n<meta property=\"og:locale\" content=\"fr_FR\" \/>\n<meta property=\"og:type\" content=\"article\" \/>\n<meta property=\"og:title\" content=\"Membre CAC CCB - Conseil d\u2019administration coll\u00e9gial\" \/>\n<meta property=\"og:description\" content=\"Le cin\u00e9-club de B\u00e9darieux a adopt\u00e9 un CA coll\u00e9gial au sein duquel toutes les responsabilit\u00e9s et toutes les d\u00e9cisions sont assum\u00e9es et prises collectivement.\" \/>\n<meta property=\"og:url\" content=\"https:\/\/cineclubbedarieux.fr\/index.php\/page-d-acceuil-cine-club-bedarieux\/membre-du-conseil-dadministration-collectif\/\" \/>\n<meta property=\"og:site_name\" content=\"CCB\" \/>\n<meta property=\"article:publisher\" content=\"https:\/\/www.facebook.com\/Cin%c3%a9-club-de-B%c3%a9darieux-107423303938487\" \/>\n<meta property=\"article:modified_time\" content=\"2024-06-04T09:32:08+00:00\" \/>\n<meta name=\"twitter:card\" content=\"summary_large_image\" \/>\n<meta name=\"twitter:label1\" content=\"Dur\u00e9e de lecture estim\u00e9e\" \/>\n\t<meta name=\"twitter:data1\" content=\"1 minute\" \/>\n<script type=\"application\/ld+json\" class=\"yoast-schema-graph\">{\"@context\":\"https:\\\/\\\/schema.org\",\"@graph\":[{\"@type\":\"WebPage\",\"@id\":\"https:\\\/\\\/cineclubbedarieux.fr\\\/index.php\\\/page-d-acceuil-cine-club-bedarieux\\\/membre-du-conseil-dadministration-collectif\\\/\",\"url\":\"https:\\\/\\\/cineclubbedarieux.fr\\\/index.php\\\/page-d-acceuil-cine-club-bedarieux\\\/membre-du-conseil-dadministration-collectif\\\/\",\"name\":\"Membre CAC CCB - Conseil d\u2019administration coll\u00e9gial\",\"isPartOf\":{\"@id\":\"https:\\\/\\\/cineclubbedarieux.fr\\\/#website\"},\"datePublished\":\"2019-07-11T07:34:41+00:00\",\"dateModified\":\"2024-06-04T09:32:08+00:00\",\"description\":\"Le cin\u00e9-club de B\u00e9darieux a adopt\u00e9 un CA coll\u00e9gial au sein duquel toutes les responsabilit\u00e9s et toutes les d\u00e9cisions sont assum\u00e9es et prises collectivement.\",\"breadcrumb\":{\"@id\":\"https:\\\/\\\/cineclubbedarieux.fr\\\/index.php\\\/page-d-acceuil-cine-club-bedarieux\\\/membre-du-conseil-dadministration-collectif\\\/#breadcrumb\"},\"inLanguage\":\"fr-FR\",\"potentialAction\":[{\"@type\":\"ReadAction\",\"target\":[\"https:\\\/\\\/cineclubbedarieux.fr\\\/index.php\\\/page-d-acceuil-cine-club-bedarieux\\\/membre-du-conseil-dadministration-collectif\\\/\"]}]},{\"@type\":\"BreadcrumbList\",\"@id\":\"https:\\\/\\\/cineclubbedarieux.fr\\\/index.php\\\/page-d-acceuil-cine-club-bedarieux\\\/membre-du-conseil-dadministration-collectif\\\/#breadcrumb\",\"itemListElement\":[{\"@type\":\"ListItem\",\"position\":1,\"name\":\"Accueil\",\"item\":\"https:\\\/\\\/cineclubbedarieux.fr\\\/\"},{\"@type\":\"ListItem\",\"position\":2,\"name\":\"Accueil\",\"item\":\"https:\\\/\\\/cineclubbedarieux.fr\\\/\"},{\"@type\":\"ListItem\",\"position\":3,\"name\":\"Membre CAC\"}]},{\"@type\":\"WebSite\",\"@id\":\"https:\\\/\\\/cineclubbedarieux.fr\\\/#website\",\"url\":\"https:\\\/\\\/cineclubbedarieux.fr\\\/\",\"name\":\"CCB\",\"description\":\"acceuil\",\"publisher\":{\"@id\":\"https:\\\/\\\/cineclubbedarieux.fr\\\/#organization\"},\"potentialAction\":[{\"@type\":\"SearchAction\",\"target\":{\"@type\":\"EntryPoint\",\"urlTemplate\":\"https:\\\/\\\/cineclubbedarieux.fr\\\/?s={search_term_string}\"},\"query-input\":{\"@type\":\"PropertyValueSpecification\",\"valueRequired\":true,\"valueName\":\"search_term_string\"}}],\"inLanguage\":\"fr-FR\"},{\"@type\":\"Organization\",\"@id\":\"https:\\\/\\\/cineclubbedarieux.fr\\\/#organization\",\"name\":\"Cin\u00e9-club de B\u00e9darieux\",\"url\":\"https:\\\/\\\/cineclubbedarieux.fr\\\/\",\"logo\":{\"@type\":\"ImageObject\",\"inLanguage\":\"fr-FR\",\"@id\":\"https:\\\/\\\/cineclubbedarieux.fr\\\/#\\\/schema\\\/logo\\\/image\\\/\",\"url\":\"\",\"contentUrl\":\"\",\"caption\":\"Cin\u00e9-club de B\u00e9darieux\"},\"image\":{\"@id\":\"https:\\\/\\\/cineclubbedarieux.fr\\\/#\\\/schema\\\/logo\\\/image\\\/\"},\"sameAs\":[\"https:\\\/\\\/www.facebook.com\\\/Cin\u00e9-club-de-B\u00e9darieux-107423303938487\"]}]}<\/script>\n<!-- \/ Yoast SEO plugin. -->","yoast_head_json":{"title":"Membre CAC CCB - Conseil d\u2019administration coll\u00e9gial","description":"Le cin\u00e9-club de B\u00e9darieux a adopt\u00e9 un CA coll\u00e9gial au sein duquel toutes les responsabilit\u00e9s et toutes les d\u00e9cisions sont assum\u00e9es et prises collectivement.","robots":{"index":"index","follow":"follow","max-snippet":"max-snippet:-1","max-image-preview":"max-image-preview:large","max-video-preview":"max-video-preview:-1"},"canonical":"https:\/\/cineclubbedarieux.fr\/index.php\/page-d-acceuil-cine-club-bedarieux\/membre-du-conseil-dadministration-collectif\/","og_locale":"fr_FR","og_type":"article","og_title":"Membre CAC CCB - Conseil d\u2019administration coll\u00e9gial","og_description":"Le cin\u00e9-club de B\u00e9darieux a adopt\u00e9 un CA coll\u00e9gial au sein duquel toutes les responsabilit\u00e9s et toutes les d\u00e9cisions sont assum\u00e9es et prises collectivement.","og_url":"https:\/\/cineclubbedarieux.fr\/index.php\/page-d-acceuil-cine-club-bedarieux\/membre-du-conseil-dadministration-collectif\/","og_site_name":"CCB","article_publisher":"https:\/\/www.facebook.com\/Cin%c3%a9-club-de-B%c3%a9darieux-107423303938487","article_modified_time":"2024-06-04T09:32:08+00:00","twitter_card":"summary_large_image","twitter_misc":{"Dur\u00e9e de lecture estim\u00e9e":"1 minute"},"schema":{"@context":"https:\/\/schema.org","@graph":[{"@type":"WebPage","@id":"https:\/\/cineclubbedarieux.fr\/index.php\/page-d-acceuil-cine-club-bedarieux\/membre-du-conseil-dadministration-collectif\/","url":"https:\/\/cineclubbedarieux.fr\/index.php\/page-d-acceuil-cine-club-bedarieux\/membre-du-conseil-dadministration-collectif\/","name":"Membre CAC CCB - Conseil d\u2019administration coll\u00e9gial","isPartOf":{"@id":"https:\/\/cineclubbedarieux.fr\/#website"},"datePublished":"2019-07-11T07:34:41+00:00","dateModified":"2024-06-04T09:32:08+00:00","description":"Le cin\u00e9-club de B\u00e9darieux a adopt\u00e9 un CA coll\u00e9gial au sein duquel toutes les responsabilit\u00e9s et toutes les d\u00e9cisions sont assum\u00e9es et prises collectivement.","breadcrumb":{"@id":"https:\/\/cineclubbedarieux.fr\/index.php\/page-d-acceuil-cine-club-bedarieux\/membre-du-conseil-dadministration-collectif\/#breadcrumb"},"inLanguage":"fr-FR","potentialAction":[{"@type":"ReadAction","target":["https:\/\/cineclubbedarieux.fr\/index.php\/page-d-acceuil-cine-club-bedarieux\/membre-du-conseil-dadministration-collectif\/"]}]},{"@type":"BreadcrumbList","@id":"https:\/\/cineclubbedarieux.fr\/index.php\/page-d-acceuil-cine-club-bedarieux\/membre-du-conseil-dadministration-collectif\/#breadcrumb","itemListElement":[{"@type":"ListItem","position":1,"name":"Accueil","item":"https:\/\/cineclubbedarieux.fr\/"},{"@type":"ListItem","position":2,"name":"Accueil","item":"https:\/\/cineclubbedarieux.fr\/"},{"@type":"ListItem","position":3,"name":"Membre CAC"}]},{"@type":"WebSite","@id":"https:\/\/cineclubbedarieux.fr\/#website","url":"https:\/\/cineclubbedarieux.fr\/","name":"CCB","description":"acceuil","publisher":{"@id":"https:\/\/cineclubbedarieux.fr\/#organization"},"potentialAction":[{"@type":"SearchAction","target":{"@type":"EntryPoint","urlTemplate":"https:\/\/cineclubbedarieux.fr\/?s={search_term_string}"},"query-input":{"@type":"PropertyValueSpecification","valueRequired":true,"valueName":"search_term_string"}}],"inLanguage":"fr-FR"},{"@type":"Organization","@id":"https:\/\/cineclubbedarieux.fr\/#organization","name":"Cin\u00e9-club de B\u00e9darieux","url":"https:\/\/cineclubbedarieux.fr\/","logo":{"@type":"ImageObject","inLanguage":"fr-FR","@id":"https:\/\/cineclubbedarieux.fr\/#\/schema\/logo\/image\/","url":"","contentUrl":"","caption":"Cin\u00e9-club de B\u00e9darieux"},"image":{"@id":"https:\/\/cineclubbedarieux.fr\/#\/schema\/logo\/image\/"},"sameAs":["https:\/\/www.facebook.com\/Cin\u00e9-club-de-B\u00e9darieux-107423303938487"]}]}},"_links":{"self":[{"href":"https:\/\/cineclubbedarieux.fr\/index.php\/wp-json\/wp\/v2\/pages\/85","targetHints":{"allow":["GET"]}}],"collection":[{"href":"https:\/\/cineclubbedarieux.fr\/index.php\/wp-json\/wp\/v2\/pages"}],"about":[{"href":"https:\/\/cineclubbedarieux.fr\/index.php\/wp-json\/wp\/v2\/types\/page"}],"author":[{"embeddable":true,"href":"https:\/\/cineclubbedarieux.fr\/index.php\/wp-json\/wp\/v2\/users\/1"}],"replies":[{"embeddable":true,"href":"https:\/\/cineclubbedarieux.fr\/index.php\/wp-json\/wp\/v2\/comments?post=85"}],"version-history":[{"count":16,"href":"https:\/\/cineclubbedarieux.fr\/index.php\/wp-json\/wp\/v2\/pages\/85\/revisions"}],"predecessor-version":[{"id":3360,"href":"https:\/\/cineclubbedarieux.fr\/index.php\/wp-json\/wp\/v2\/pages\/85\/revisions\/3360"}],"up":[{"embeddable":true,"href":"https:\/\/cineclubbedarieux.fr\/index.php\/wp-json\/wp\/v2\/pages\/9"}],"wp:attachment":[{"href":"https:\/\/cineclubbedarieux.fr\/index.php\/wp-json\/wp\/v2\/media?parent=85"}],"curies":[{"name":"wp","href":"https:\/\/api.w.org\/{rel}","templated":true}]}}