{"id":3662,"date":"2024-11-13T22:17:36","date_gmt":"2024-11-13T21:17:36","guid":{"rendered":"https:\/\/cineclubbedarieux.fr\/?page_id=3662"},"modified":"2024-11-18T08:56:54","modified_gmt":"2024-11-18T07:56:54","slug":"automnales-2024","status":"publish","type":"page","link":"https:\/\/cineclubbedarieux.fr\/index.php\/automnales-2024\/","title":{"rendered":"Avis Automnales 2024"},"content":{"rendered":"\n<p><\/p>\n\n\n\n<figure class=\"wp-block-table aligncenter\"><table><tbody><tr><td class=\"has-text-align-center\" data-align=\"center\">FILMS<\/td><td class=\"has-text-align-center\" data-align=\"center\">nbre spectateurs<\/td><td>Votant<\/td><td>*<\/td><td>**<\/td><td>***<\/td><td>****<\/td><td>%<\/td><\/tr><tr><td class=\"has-text-align-center\" data-align=\"center\"><img loading=\"lazy\" decoding=\"async\" width=\"100\" height=\"142\" class=\"wp-image-3599\" style=\"width: 100px;\" src=\"https:\/\/cineclubbedarieux.fr\/wp-content\/uploads\/2024\/10\/expos-affiche-FABCARO.jpgbis.jpg\" alt=\"\" srcset=\"https:\/\/cineclubbedarieux.fr\/wp-content\/uploads\/2024\/10\/expos-affiche-FABCARO.jpgbis.jpg 800w, https:\/\/cineclubbedarieux.fr\/wp-content\/uploads\/2024\/10\/expos-affiche-FABCARO.jpgbis-212x300.jpg 212w, https:\/\/cineclubbedarieux.fr\/wp-content\/uploads\/2024\/10\/expos-affiche-FABCARO.jpgbis-724x1024.jpg 724w, https:\/\/cineclubbedarieux.fr\/wp-content\/uploads\/2024\/10\/expos-affiche-FABCARO.jpgbis-768x1087.jpg 768w\" sizes=\"auto, (max-width: 100px) 100vw, 100px\" \/><br>Rencontre litt\u00e9raire <\/td><td class=\"has-text-align-center\" data-align=\"center\">115<\/td><td><\/td><td><\/td><td><\/td><td><\/td><td><\/td><td><\/td><\/tr><tr><td class=\"has-text-align-center\" data-align=\"center\"><img loading=\"lazy\" decoding=\"async\" width=\"200\" height=\"94\" class=\"wp-image-3437\" style=\"width: 200px;\" src=\"https:\/\/cineclubbedarieux.fr\/wp-content\/uploads\/2024\/09\/la-cour-des-miracles-affiche.jpg\" alt=\"\" srcset=\"https:\/\/cineclubbedarieux.fr\/wp-content\/uploads\/2024\/09\/la-cour-des-miracles-affiche.jpg 500w, https:\/\/cineclubbedarieux.fr\/wp-content\/uploads\/2024\/09\/la-cour-des-miracles-affiche-300x140.jpg 300w\" sizes=\"auto, (max-width: 200px) 100vw, 200px\" \/><br> La Cour des miracles<\/td><td class=\"has-text-align-center\" data-align=\"center\">183<\/td><td>140<\/td><td>0<\/td><td>5<\/td><td>57<\/td><td>78<\/td><td>96,4%<\/td><\/tr><tr><td class=\"has-text-align-center\" data-align=\"center\"><img loading=\"lazy\" decoding=\"async\" width=\"200\" height=\"94\" class=\"wp-image-3390\" style=\"width: 200px;\" src=\"https:\/\/cineclubbedarieux.fr\/wp-content\/uploads\/2024\/06\/paris-pieds-nus-affi.jpg\" alt=\"\" srcset=\"https:\/\/cineclubbedarieux.fr\/wp-content\/uploads\/2024\/06\/paris-pieds-nus-affi.jpg 500w, https:\/\/cineclubbedarieux.fr\/wp-content\/uploads\/2024\/06\/paris-pieds-nus-affi-300x140.jpg 300w\" sizes=\"auto, (max-width: 200px) 100vw, 200px\" \/><br>     Paris pieds nus<\/td><td class=\"has-text-align-center\" data-align=\"center\">125<\/td><td>105<\/td><td>3<\/td><td>1<\/td><td>22<\/td><td>79<\/td><td>96,2%<\/td><\/tr><tr><td class=\"has-text-align-center\" data-align=\"center\"><img loading=\"lazy\" decoding=\"async\" width=\"200\" height=\"94\" class=\"wp-image-3446\" style=\"width: 200px;\" src=\"https:\/\/cineclubbedarieux.fr\/wp-content\/uploads\/2024\/09\/sur-la-branche-affiche.jpg\" alt=\"\" srcset=\"https:\/\/cineclubbedarieux.fr\/wp-content\/uploads\/2024\/09\/sur-la-branche-affiche.jpg 500w, https:\/\/cineclubbedarieux.fr\/wp-content\/uploads\/2024\/09\/sur-la-branche-affiche-300x140.jpg 300w\" sizes=\"auto, (max-width: 200px) 100vw, 200px\" \/><br>     Sur la branche<\/td><td class=\"has-text-align-center\" data-align=\"center\">155<\/td><td>100<\/td><td>10<\/td><td>26<\/td><td>39<\/td><td>25<\/td><td>64%<\/td><\/tr><tr><td class=\"has-text-align-center\" data-align=\"center\"><img loading=\"lazy\" decoding=\"async\" width=\"200\" height=\"94\" class=\"wp-image-3379\" style=\"width: 200px;\" src=\"https:\/\/cineclubbedarieux.fr\/wp-content\/uploads\/2024\/06\/bonjour-affiche.jpg\" alt=\"\" srcset=\"https:\/\/cineclubbedarieux.fr\/wp-content\/uploads\/2024\/06\/bonjour-affiche.jpg 500w, https:\/\/cineclubbedarieux.fr\/wp-content\/uploads\/2024\/06\/bonjour-affiche-300x140.jpg 300w\" sizes=\"auto, (max-width: 200px) 100vw, 200px\" \/><br> Bonjour<\/td><td class=\"has-text-align-center\" data-align=\"center\">121<\/td><td>85<\/td><td>2<\/td><td>25<\/td><td>33<\/td><td>25<\/td><td>68,2%<\/td><\/tr><tr><td class=\"has-text-align-center\" data-align=\"center\"><img loading=\"lazy\" decoding=\"async\" width=\"200\" height=\"94\" class=\"wp-image-3383\" style=\"width: 200px;\" src=\"https:\/\/cineclubbedarieux.fr\/wp-content\/uploads\/2024\/06\/le-mariage-de-rosa-aff.jpg\" alt=\"\" srcset=\"https:\/\/cineclubbedarieux.fr\/wp-content\/uploads\/2024\/06\/le-mariage-de-rosa-aff.jpg 500w, https:\/\/cineclubbedarieux.fr\/wp-content\/uploads\/2024\/06\/le-mariage-de-rosa-aff-300x140.jpg 300w\" sizes=\"auto, (max-width: 200px) 100vw, 200px\" \/>  <br>Le Mariage de Rosa<\/td><td class=\"has-text-align-center\" data-align=\"center\">130<\/td><td>113<\/td><td>0<\/td><td>5<\/td><td>23<\/td><td>85<\/td><td>95,6%<\/td><\/tr><tr><td class=\"has-text-align-center\" data-align=\"center\"><img loading=\"lazy\" decoding=\"async\" width=\"200\" height=\"94\" class=\"wp-image-3469\" style=\"width: 200px;\" src=\"https:\/\/cineclubbedarieux.fr\/wp-content\/uploads\/2024\/09\/la-mort-de-staline-affiche.jpg\" alt=\"\" srcset=\"https:\/\/cineclubbedarieux.fr\/wp-content\/uploads\/2024\/09\/la-mort-de-staline-affiche.jpg 500w, https:\/\/cineclubbedarieux.fr\/wp-content\/uploads\/2024\/09\/la-mort-de-staline-affiche-300x140.jpg 300w\" sizes=\"auto, (max-width: 200px) 100vw, 200px\" \/><br>        La Mort de Staline<\/td><td class=\"has-text-align-center\" data-align=\"center\">117<\/td><td>91<\/td><td>3<\/td><td>7<\/td><td>34<\/td><td>47<\/td><td>89%<\/td><\/tr><tr><td class=\"has-text-align-center\" data-align=\"center\"><img loading=\"lazy\" decoding=\"async\" width=\"200\" height=\"94\" class=\"wp-image-3404\" style=\"width: 200px;\" src=\"https:\/\/cineclubbedarieux.fr\/wp-content\/uploads\/2024\/06\/burn-after-reading-affiche.jpg\" alt=\"\" srcset=\"https:\/\/cineclubbedarieux.fr\/wp-content\/uploads\/2024\/06\/burn-after-reading-affiche.jpg 500w, https:\/\/cineclubbedarieux.fr\/wp-content\/uploads\/2024\/06\/burn-after-reading-affiche-300x140.jpg 300w\" sizes=\"auto, (max-width: 200px) 100vw, 200px\" \/><br>         Burn after reading<\/td><td class=\"has-text-align-center\" data-align=\"center\">115<\/td><td>93<\/td><td>2<\/td><td>17<\/td><td>32<\/td><td>42<\/td><td>79,6%<\/td><\/tr><tr><td class=\"has-text-align-center\" data-align=\"center\"><img loading=\"lazy\" decoding=\"async\" width=\"200\" height=\"94\" class=\"wp-image-3412\" style=\"width: 200px;\" src=\"https:\/\/cineclubbedarieux.fr\/wp-content\/uploads\/2024\/06\/zai-zai-affi.jpg\" alt=\"\" srcset=\"https:\/\/cineclubbedarieux.fr\/wp-content\/uploads\/2024\/06\/zai-zai-affi.jpg 500w, https:\/\/cineclubbedarieux.fr\/wp-content\/uploads\/2024\/06\/zai-zai-affi-300x140.jpg 300w\" sizes=\"auto, (max-width: 200px) 100vw, 200px\" \/><br>   ZA\u00cf ZA\u00cf ZA\u00cf ZA\u00cf<\/td><td class=\"has-text-align-center\" data-align=\"center\">155<\/td><td>112<\/td><td>3<\/td><td>5<\/td><td>23<\/td><td>81<\/td><td>92,9%<\/td><\/tr><tr><td class=\"has-text-align-center\" data-align=\"center\">    TOTAL<\/td><td class=\"has-text-align-center\" data-align=\"center\">1216<\/td><td>839<\/td><td>23<\/td><td>91<\/td><td>263<\/td><td>462<\/td><td>86,4%<\/td><\/tr><\/tbody><\/table><\/figure>\n","protected":false},"excerpt":{"rendered":"<p>FILMS nbre spectateurs Votant * ** *** **** % Rencontre litt\u00e9raire 115 La Cour des miracles 183 140 0 5 57 78 96,4% Paris pieds nus 125 105 3 1 &#8230;<\/p>\n","protected":false},"author":1,"featured_media":0,"parent":0,"menu_order":3,"comment_status":"closed","ping_status":"closed","template":"","meta":{"footnotes":""},"class_list":["post-3662","page","type-page","status-publish","hentry"],"yoast_head":"<!-- This site is optimized with the Yoast SEO plugin v27.3 - https:\/\/yoast.com\/product\/yoast-seo-wordpress\/ -->\n<title>Avis Automnales 2024<\/title>\n<meta name=\"robots\" content=\"index, follow, max-snippet:-1, max-image-preview:large, max-video-preview:-1\" \/>\n<link rel=\"canonical\" href=\"https:\/\/cineclubbedarieux.fr\/index.php\/automnales-2024\/\" \/>\n<meta property=\"og:locale\" content=\"fr_FR\" \/>\n<meta property=\"og:type\" content=\"article\" \/>\n<meta property=\"og:title\" content=\"Avis Automnales 2024\" \/>\n<meta property=\"og:description\" content=\"FILMS nbre spectateurs Votant * ** *** **** % Rencontre litt\u00e9raire 115 La Cour des miracles 183 140 0 5 57 78 96,4% Paris pieds nus 125 105 3 1 ...\" \/>\n<meta property=\"og:url\" content=\"https:\/\/cineclubbedarieux.fr\/index.php\/automnales-2024\/\" \/>\n<meta property=\"og:site_name\" content=\"CCB\" \/>\n<meta property=\"article:publisher\" content=\"https:\/\/www.facebook.com\/Cin%c3%a9-club-de-B%c3%a9darieux-107423303938487\" \/>\n<meta property=\"article:modified_time\" content=\"2024-11-18T07:56:54+00:00\" \/>\n<meta property=\"og:image\" content=\"https:\/\/cineclubbedarieux.fr\/wp-content\/uploads\/2024\/10\/expos-affiche-FABCARO.jpgbis.jpg\" \/>\n<meta name=\"twitter:card\" content=\"summary_large_image\" \/>\n<meta name=\"twitter:label1\" content=\"Dur\u00e9e de lecture estim\u00e9e\" \/>\n\t<meta name=\"twitter:data1\" content=\"3 minutes\" \/>\n<script type=\"application\/ld+json\" class=\"yoast-schema-graph\">{\"@context\":\"https:\\\/\\\/schema.org\",\"@graph\":[{\"@type\":\"WebPage\",\"@id\":\"https:\\\/\\\/cineclubbedarieux.fr\\\/index.php\\\/automnales-2024\\\/\",\"url\":\"https:\\\/\\\/cineclubbedarieux.fr\\\/index.php\\\/automnales-2024\\\/\",\"name\":\"Avis Automnales 2024\",\"isPartOf\":{\"@id\":\"https:\\\/\\\/cineclubbedarieux.fr\\\/#website\"},\"primaryImageOfPage\":{\"@id\":\"https:\\\/\\\/cineclubbedarieux.fr\\\/index.php\\\/automnales-2024\\\/#primaryimage\"},\"image\":{\"@id\":\"https:\\\/\\\/cineclubbedarieux.fr\\\/index.php\\\/automnales-2024\\\/#primaryimage\"},\"thumbnailUrl\":\"https:\\\/\\\/cineclubbedarieux.fr\\\/wp-content\\\/uploads\\\/2024\\\/10\\\/expos-affiche-FABCARO.jpgbis.jpg\",\"datePublished\":\"2024-11-13T21:17:36+00:00\",\"dateModified\":\"2024-11-18T07:56:54+00:00\",\"breadcrumb\":{\"@id\":\"https:\\\/\\\/cineclubbedarieux.fr\\\/index.php\\\/automnales-2024\\\/#breadcrumb\"},\"inLanguage\":\"fr-FR\",\"potentialAction\":[{\"@type\":\"ReadAction\",\"target\":[\"https:\\\/\\\/cineclubbedarieux.fr\\\/index.php\\\/automnales-2024\\\/\"]}]},{\"@type\":\"ImageObject\",\"inLanguage\":\"fr-FR\",\"@id\":\"https:\\\/\\\/cineclubbedarieux.fr\\\/index.php\\\/automnales-2024\\\/#primaryimage\",\"url\":\"https:\\\/\\\/cineclubbedarieux.fr\\\/wp-content\\\/uploads\\\/2024\\\/10\\\/expos-affiche-FABCARO.jpgbis.jpg\",\"contentUrl\":\"https:\\\/\\\/cineclubbedarieux.fr\\\/wp-content\\\/uploads\\\/2024\\\/10\\\/expos-affiche-FABCARO.jpgbis.jpg\",\"width\":800,\"height\":1132},{\"@type\":\"BreadcrumbList\",\"@id\":\"https:\\\/\\\/cineclubbedarieux.fr\\\/index.php\\\/automnales-2024\\\/#breadcrumb\",\"itemListElement\":[{\"@type\":\"ListItem\",\"position\":1,\"name\":\"Accueil\",\"item\":\"https:\\\/\\\/cineclubbedarieux.fr\\\/\"},{\"@type\":\"ListItem\",\"position\":2,\"name\":\"Avis Automnales 2024\"}]},{\"@type\":\"WebSite\",\"@id\":\"https:\\\/\\\/cineclubbedarieux.fr\\\/#website\",\"url\":\"https:\\\/\\\/cineclubbedarieux.fr\\\/\",\"name\":\"CCB\",\"description\":\"acceuil\",\"publisher\":{\"@id\":\"https:\\\/\\\/cineclubbedarieux.fr\\\/#organization\"},\"potentialAction\":[{\"@type\":\"SearchAction\",\"target\":{\"@type\":\"EntryPoint\",\"urlTemplate\":\"https:\\\/\\\/cineclubbedarieux.fr\\\/?s={search_term_string}\"},\"query-input\":{\"@type\":\"PropertyValueSpecification\",\"valueRequired\":true,\"valueName\":\"search_term_string\"}}],\"inLanguage\":\"fr-FR\"},{\"@type\":\"Organization\",\"@id\":\"https:\\\/\\\/cineclubbedarieux.fr\\\/#organization\",\"name\":\"Cin\u00e9-club de B\u00e9darieux\",\"url\":\"https:\\\/\\\/cineclubbedarieux.fr\\\/\",\"logo\":{\"@type\":\"ImageObject\",\"inLanguage\":\"fr-FR\",\"@id\":\"https:\\\/\\\/cineclubbedarieux.fr\\\/#\\\/schema\\\/logo\\\/image\\\/\",\"url\":\"\",\"contentUrl\":\"\",\"caption\":\"Cin\u00e9-club de B\u00e9darieux\"},\"image\":{\"@id\":\"https:\\\/\\\/cineclubbedarieux.fr\\\/#\\\/schema\\\/logo\\\/image\\\/\"},\"sameAs\":[\"https:\\\/\\\/www.facebook.com\\\/Cin\u00e9-club-de-B\u00e9darieux-107423303938487\"]}]}<\/script>\n<!-- \/ Yoast SEO plugin. -->","yoast_head_json":{"title":"Avis Automnales 2024","robots":{"index":"index","follow":"follow","max-snippet":"max-snippet:-1","max-image-preview":"max-image-preview:large","max-video-preview":"max-video-preview:-1"},"canonical":"https:\/\/cineclubbedarieux.fr\/index.php\/automnales-2024\/","og_locale":"fr_FR","og_type":"article","og_title":"Avis Automnales 2024","og_description":"FILMS nbre spectateurs Votant * ** *** **** % Rencontre litt\u00e9raire 115 La Cour des miracles 183 140 0 5 57 78 96,4% Paris pieds nus 125 105 3 1 ...","og_url":"https:\/\/cineclubbedarieux.fr\/index.php\/automnales-2024\/","og_site_name":"CCB","article_publisher":"https:\/\/www.facebook.com\/Cin%c3%a9-club-de-B%c3%a9darieux-107423303938487","article_modified_time":"2024-11-18T07:56:54+00:00","og_image":[{"url":"https:\/\/cineclubbedarieux.fr\/wp-content\/uploads\/2024\/10\/expos-affiche-FABCARO.jpgbis.jpg","type":"","width":"","height":""}],"twitter_card":"summary_large_image","twitter_misc":{"Dur\u00e9e de lecture estim\u00e9e":"3 minutes"},"schema":{"@context":"https:\/\/schema.org","@graph":[{"@type":"WebPage","@id":"https:\/\/cineclubbedarieux.fr\/index.php\/automnales-2024\/","url":"https:\/\/cineclubbedarieux.fr\/index.php\/automnales-2024\/","name":"Avis Automnales 2024","isPartOf":{"@id":"https:\/\/cineclubbedarieux.fr\/#website"},"primaryImageOfPage":{"@id":"https:\/\/cineclubbedarieux.fr\/index.php\/automnales-2024\/#primaryimage"},"image":{"@id":"https:\/\/cineclubbedarieux.fr\/index.php\/automnales-2024\/#primaryimage"},"thumbnailUrl":"https:\/\/cineclubbedarieux.fr\/wp-content\/uploads\/2024\/10\/expos-affiche-FABCARO.jpgbis.jpg","datePublished":"2024-11-13T21:17:36+00:00","dateModified":"2024-11-18T07:56:54+00:00","breadcrumb":{"@id":"https:\/\/cineclubbedarieux.fr\/index.php\/automnales-2024\/#breadcrumb"},"inLanguage":"fr-FR","potentialAction":[{"@type":"ReadAction","target":["https:\/\/cineclubbedarieux.fr\/index.php\/automnales-2024\/"]}]},{"@type":"ImageObject","inLanguage":"fr-FR","@id":"https:\/\/cineclubbedarieux.fr\/index.php\/automnales-2024\/#primaryimage","url":"https:\/\/cineclubbedarieux.fr\/wp-content\/uploads\/2024\/10\/expos-affiche-FABCARO.jpgbis.jpg","contentUrl":"https:\/\/cineclubbedarieux.fr\/wp-content\/uploads\/2024\/10\/expos-affiche-FABCARO.jpgbis.jpg","width":800,"height":1132},{"@type":"BreadcrumbList","@id":"https:\/\/cineclubbedarieux.fr\/index.php\/automnales-2024\/#breadcrumb","itemListElement":[{"@type":"ListItem","position":1,"name":"Accueil","item":"https:\/\/cineclubbedarieux.fr\/"},{"@type":"ListItem","position":2,"name":"Avis Automnales 2024"}]},{"@type":"WebSite","@id":"https:\/\/cineclubbedarieux.fr\/#website","url":"https:\/\/cineclubbedarieux.fr\/","name":"CCB","description":"acceuil","publisher":{"@id":"https:\/\/cineclubbedarieux.fr\/#organization"},"potentialAction":[{"@type":"SearchAction","target":{"@type":"EntryPoint","urlTemplate":"https:\/\/cineclubbedarieux.fr\/?s={search_term_string}"},"query-input":{"@type":"PropertyValueSpecification","valueRequired":true,"valueName":"search_term_string"}}],"inLanguage":"fr-FR"},{"@type":"Organization","@id":"https:\/\/cineclubbedarieux.fr\/#organization","name":"Cin\u00e9-club de B\u00e9darieux","url":"https:\/\/cineclubbedarieux.fr\/","logo":{"@type":"ImageObject","inLanguage":"fr-FR","@id":"https:\/\/cineclubbedarieux.fr\/#\/schema\/logo\/image\/","url":"","contentUrl":"","caption":"Cin\u00e9-club de B\u00e9darieux"},"image":{"@id":"https:\/\/cineclubbedarieux.fr\/#\/schema\/logo\/image\/"},"sameAs":["https:\/\/www.facebook.com\/Cin\u00e9-club-de-B\u00e9darieux-107423303938487"]}]}},"_links":{"self":[{"href":"https:\/\/cineclubbedarieux.fr\/index.php\/wp-json\/wp\/v2\/pages\/3662","targetHints":{"allow":["GET"]}}],"collection":[{"href":"https:\/\/cineclubbedarieux.fr\/index.php\/wp-json\/wp\/v2\/pages"}],"about":[{"href":"https:\/\/cineclubbedarieux.fr\/index.php\/wp-json\/wp\/v2\/types\/page"}],"author":[{"embeddable":true,"href":"https:\/\/cineclubbedarieux.fr\/index.php\/wp-json\/wp\/v2\/users\/1"}],"replies":[{"embeddable":true,"href":"https:\/\/cineclubbedarieux.fr\/index.php\/wp-json\/wp\/v2\/comments?post=3662"}],"version-history":[{"count":4,"href":"https:\/\/cineclubbedarieux.fr\/index.php\/wp-json\/wp\/v2\/pages\/3662\/revisions"}],"predecessor-version":[{"id":3695,"href":"https:\/\/cineclubbedarieux.fr\/index.php\/wp-json\/wp\/v2\/pages\/3662\/revisions\/3695"}],"wp:attachment":[{"href":"https:\/\/cineclubbedarieux.fr\/index.php\/wp-json\/wp\/v2\/media?parent=3662"}],"curies":[{"name":"wp","href":"https:\/\/api.w.org\/{rel}","templated":true}]}}