{"id":345,"date":"2019-07-15T12:51:44","date_gmt":"2019-07-15T10:51:44","guid":{"rendered":"http:\/\/cineclubbedarieux.fr\/?page_id=345"},"modified":"2022-10-31T10:54:31","modified_gmt":"2022-10-31T09:54:31","slug":"cine-club","status":"publish","type":"page","link":"https:\/\/cineclubbedarieux.fr\/index.php\/cine-club\/","title":{"rendered":"Cin\u00e9 club tarifs"},"content":{"rendered":"\n<p class=\"has-text-align-center\">&nbsp;&nbsp; Les s\u00e9ances ont lieu des&nbsp; mercredis \u00e0 20 h&nbsp;30  au cin\u00e9ma Jean Claude Carri\u00e8re \u00e0 la Tuilerie<\/p>\n\n\n\n<p class=\"has-text-align-center has-very-dark-gray-color has-text-color has-medium-font-size\"><strong>Tarifs adh\u00e9sions 18 films<\/strong><\/p>\n\n\n\n<p class=\"has-text-align-center has-vivid-red-color has-text-color has-large-font-size\"><strong>Carte annuelle nominative : 50\u20ac<\/strong><\/p>\n\n\n\n<p class=\"has-text-align-center has-medium-font-size\"><strong>Carte annuelle demandeurs d\u2019emploi, b\u00e9n\u00e9ficiaires RSA, \u00e9tudiants: 25\u20ac<\/strong><\/p>\n\n\n\n<p class=\"has-text-align-center\"><em>La  carte annuelle est valable pour l\u2019ensemble des films programm\u00e9s par le Cin\u00e9-Club et donne droit \u00e0 6 s\u00e9ances dans les cin\u00e9-clubs de P\u00e9zenas,  B\u00e9ziers, Narbonne, ou Montpellier. <\/em><\/p>\n\n\n\n<p><\/p>\n\n\n\n<p class=\"has-text-align-center has-very-dark-gray-color has-text-color has-medium-font-size\"><strong>Carte 4  s\u00e9ances au choix: 20\u20ac<\/strong><\/p>\n\n\n\n<p class=\"has-text-align-center\"><em>Cette carte est valable toute la saison et non nominative<\/em><\/p>\n\n\n\n<p class=\"has-text-align-center\"><em>Les cartes sont vendues \u00e0 l\u2019entr\u00e9e, avant chaque s\u00e9ance.<\/em><\/p>\n\n\n\n<p class=\"has-text-align-center has-vivid-red-color has-text-color\"><strong>Gratuit\u00e9 pour les lyc\u00e9ens<\/strong><\/p>\n\n\n\n<p class=\"has-text-align-center has-very-dark-gray-color has-text-color has-medium-font-size\"><strong>Cin\u00e9 enfants en partenariat avec la m\u00e9diath\u00e8que de B\u00e9darieux: Gratuit<\/strong>  go\u00fbter compris <\/p>\n","protected":false},"excerpt":{"rendered":"<p>&nbsp;&nbsp; Les s\u00e9ances ont lieu des&nbsp; mercredis \u00e0 20 h&nbsp;30 au cin\u00e9ma Jean Claude Carri\u00e8re \u00e0 la Tuilerie Tarifs adh\u00e9sions 18 films Carte annuelle nominative : 50\u20ac Carte annuelle demandeurs &#8230;<\/p>\n","protected":false},"author":1,"featured_media":0,"parent":0,"menu_order":0,"comment_status":"closed","ping_status":"closed","template":"","meta":{"footnotes":""},"class_list":["post-345","page","type-page","status-publish","hentry"],"yoast_head":"<!-- This site is optimized with the Yoast SEO plugin v27.3 - https:\/\/yoast.com\/product\/yoast-seo-wordpress\/ -->\n<title>Cin\u00e9 club tarifs<\/title>\n<meta name=\"robots\" content=\"index, follow, max-snippet:-1, max-image-preview:large, max-video-preview:-1\" \/>\n<link rel=\"canonical\" href=\"https:\/\/cineclubbedarieux.fr\/index.php\/cine-club\/\" \/>\n<meta property=\"og:locale\" content=\"fr_FR\" \/>\n<meta property=\"og:type\" content=\"article\" \/>\n<meta property=\"og:title\" content=\"Cin\u00e9 club tarifs\" \/>\n<meta property=\"og:description\" content=\"&nbsp;&nbsp; Les s\u00e9ances ont lieu des&nbsp; mercredis \u00e0 20 h&nbsp;30 au cin\u00e9ma Jean Claude Carri\u00e8re \u00e0 la Tuilerie Tarifs adh\u00e9sions 18 films Carte annuelle nominative : 50\u20ac Carte annuelle demandeurs ...\" \/>\n<meta property=\"og:url\" content=\"https:\/\/cineclubbedarieux.fr\/index.php\/cine-club\/\" \/>\n<meta property=\"og:site_name\" content=\"CCB\" \/>\n<meta property=\"article:publisher\" content=\"https:\/\/www.facebook.com\/Cin%c3%a9-club-de-B%c3%a9darieux-107423303938487\" \/>\n<meta property=\"article:modified_time\" content=\"2022-10-31T09:54:31+00:00\" \/>\n<meta name=\"twitter:card\" content=\"summary_large_image\" \/>\n<meta name=\"twitter:label1\" content=\"Dur\u00e9e de lecture estim\u00e9e\" \/>\n\t<meta name=\"twitter:data1\" content=\"1 minute\" \/>\n<script type=\"application\/ld+json\" class=\"yoast-schema-graph\">{\"@context\":\"https:\\\/\\\/schema.org\",\"@graph\":[{\"@type\":\"WebPage\",\"@id\":\"https:\\\/\\\/cineclubbedarieux.fr\\\/index.php\\\/cine-club\\\/\",\"url\":\"https:\\\/\\\/cineclubbedarieux.fr\\\/index.php\\\/cine-club\\\/\",\"name\":\"Cin\u00e9 club tarifs\",\"isPartOf\":{\"@id\":\"https:\\\/\\\/cineclubbedarieux.fr\\\/#website\"},\"datePublished\":\"2019-07-15T10:51:44+00:00\",\"dateModified\":\"2022-10-31T09:54:31+00:00\",\"breadcrumb\":{\"@id\":\"https:\\\/\\\/cineclubbedarieux.fr\\\/index.php\\\/cine-club\\\/#breadcrumb\"},\"inLanguage\":\"fr-FR\",\"potentialAction\":[{\"@type\":\"ReadAction\",\"target\":[\"https:\\\/\\\/cineclubbedarieux.fr\\\/index.php\\\/cine-club\\\/\"]}]},{\"@type\":\"BreadcrumbList\",\"@id\":\"https:\\\/\\\/cineclubbedarieux.fr\\\/index.php\\\/cine-club\\\/#breadcrumb\",\"itemListElement\":[{\"@type\":\"ListItem\",\"position\":1,\"name\":\"Accueil\",\"item\":\"https:\\\/\\\/cineclubbedarieux.fr\\\/\"},{\"@type\":\"ListItem\",\"position\":2,\"name\":\"Cin\u00e9 club tarifs\"}]},{\"@type\":\"WebSite\",\"@id\":\"https:\\\/\\\/cineclubbedarieux.fr\\\/#website\",\"url\":\"https:\\\/\\\/cineclubbedarieux.fr\\\/\",\"name\":\"CCB\",\"description\":\"acceuil\",\"publisher\":{\"@id\":\"https:\\\/\\\/cineclubbedarieux.fr\\\/#organization\"},\"potentialAction\":[{\"@type\":\"SearchAction\",\"target\":{\"@type\":\"EntryPoint\",\"urlTemplate\":\"https:\\\/\\\/cineclubbedarieux.fr\\\/?s={search_term_string}\"},\"query-input\":{\"@type\":\"PropertyValueSpecification\",\"valueRequired\":true,\"valueName\":\"search_term_string\"}}],\"inLanguage\":\"fr-FR\"},{\"@type\":\"Organization\",\"@id\":\"https:\\\/\\\/cineclubbedarieux.fr\\\/#organization\",\"name\":\"Cin\u00e9-club de B\u00e9darieux\",\"url\":\"https:\\\/\\\/cineclubbedarieux.fr\\\/\",\"logo\":{\"@type\":\"ImageObject\",\"inLanguage\":\"fr-FR\",\"@id\":\"https:\\\/\\\/cineclubbedarieux.fr\\\/#\\\/schema\\\/logo\\\/image\\\/\",\"url\":\"\",\"contentUrl\":\"\",\"caption\":\"Cin\u00e9-club de B\u00e9darieux\"},\"image\":{\"@id\":\"https:\\\/\\\/cineclubbedarieux.fr\\\/#\\\/schema\\\/logo\\\/image\\\/\"},\"sameAs\":[\"https:\\\/\\\/www.facebook.com\\\/Cin\u00e9-club-de-B\u00e9darieux-107423303938487\"]}]}<\/script>\n<!-- \/ Yoast SEO plugin. -->","yoast_head_json":{"title":"Cin\u00e9 club tarifs","robots":{"index":"index","follow":"follow","max-snippet":"max-snippet:-1","max-image-preview":"max-image-preview:large","max-video-preview":"max-video-preview:-1"},"canonical":"https:\/\/cineclubbedarieux.fr\/index.php\/cine-club\/","og_locale":"fr_FR","og_type":"article","og_title":"Cin\u00e9 club tarifs","og_description":"&nbsp;&nbsp; Les s\u00e9ances ont lieu des&nbsp; mercredis \u00e0 20 h&nbsp;30 au cin\u00e9ma Jean Claude Carri\u00e8re \u00e0 la Tuilerie Tarifs adh\u00e9sions 18 films Carte annuelle nominative : 50\u20ac Carte annuelle demandeurs ...","og_url":"https:\/\/cineclubbedarieux.fr\/index.php\/cine-club\/","og_site_name":"CCB","article_publisher":"https:\/\/www.facebook.com\/Cin%c3%a9-club-de-B%c3%a9darieux-107423303938487","article_modified_time":"2022-10-31T09:54:31+00:00","twitter_card":"summary_large_image","twitter_misc":{"Dur\u00e9e de lecture estim\u00e9e":"1 minute"},"schema":{"@context":"https:\/\/schema.org","@graph":[{"@type":"WebPage","@id":"https:\/\/cineclubbedarieux.fr\/index.php\/cine-club\/","url":"https:\/\/cineclubbedarieux.fr\/index.php\/cine-club\/","name":"Cin\u00e9 club tarifs","isPartOf":{"@id":"https:\/\/cineclubbedarieux.fr\/#website"},"datePublished":"2019-07-15T10:51:44+00:00","dateModified":"2022-10-31T09:54:31+00:00","breadcrumb":{"@id":"https:\/\/cineclubbedarieux.fr\/index.php\/cine-club\/#breadcrumb"},"inLanguage":"fr-FR","potentialAction":[{"@type":"ReadAction","target":["https:\/\/cineclubbedarieux.fr\/index.php\/cine-club\/"]}]},{"@type":"BreadcrumbList","@id":"https:\/\/cineclubbedarieux.fr\/index.php\/cine-club\/#breadcrumb","itemListElement":[{"@type":"ListItem","position":1,"name":"Accueil","item":"https:\/\/cineclubbedarieux.fr\/"},{"@type":"ListItem","position":2,"name":"Cin\u00e9 club tarifs"}]},{"@type":"WebSite","@id":"https:\/\/cineclubbedarieux.fr\/#website","url":"https:\/\/cineclubbedarieux.fr\/","name":"CCB","description":"acceuil","publisher":{"@id":"https:\/\/cineclubbedarieux.fr\/#organization"},"potentialAction":[{"@type":"SearchAction","target":{"@type":"EntryPoint","urlTemplate":"https:\/\/cineclubbedarieux.fr\/?s={search_term_string}"},"query-input":{"@type":"PropertyValueSpecification","valueRequired":true,"valueName":"search_term_string"}}],"inLanguage":"fr-FR"},{"@type":"Organization","@id":"https:\/\/cineclubbedarieux.fr\/#organization","name":"Cin\u00e9-club de B\u00e9darieux","url":"https:\/\/cineclubbedarieux.fr\/","logo":{"@type":"ImageObject","inLanguage":"fr-FR","@id":"https:\/\/cineclubbedarieux.fr\/#\/schema\/logo\/image\/","url":"","contentUrl":"","caption":"Cin\u00e9-club de B\u00e9darieux"},"image":{"@id":"https:\/\/cineclubbedarieux.fr\/#\/schema\/logo\/image\/"},"sameAs":["https:\/\/www.facebook.com\/Cin\u00e9-club-de-B\u00e9darieux-107423303938487"]}]}},"_links":{"self":[{"href":"https:\/\/cineclubbedarieux.fr\/index.php\/wp-json\/wp\/v2\/pages\/345","targetHints":{"allow":["GET"]}}],"collection":[{"href":"https:\/\/cineclubbedarieux.fr\/index.php\/wp-json\/wp\/v2\/pages"}],"about":[{"href":"https:\/\/cineclubbedarieux.fr\/index.php\/wp-json\/wp\/v2\/types\/page"}],"author":[{"embeddable":true,"href":"https:\/\/cineclubbedarieux.fr\/index.php\/wp-json\/wp\/v2\/users\/1"}],"replies":[{"embeddable":true,"href":"https:\/\/cineclubbedarieux.fr\/index.php\/wp-json\/wp\/v2\/comments?post=345"}],"version-history":[{"count":7,"href":"https:\/\/cineclubbedarieux.fr\/index.php\/wp-json\/wp\/v2\/pages\/345\/revisions"}],"predecessor-version":[{"id":2548,"href":"https:\/\/cineclubbedarieux.fr\/index.php\/wp-json\/wp\/v2\/pages\/345\/revisions\/2548"}],"wp:attachment":[{"href":"https:\/\/cineclubbedarieux.fr\/index.php\/wp-json\/wp\/v2\/media?parent=345"}],"curies":[{"name":"wp","href":"https:\/\/api.w.org\/{rel}","templated":true}]}}