{"id":341,"date":"2019-07-15T12:50:49","date_gmt":"2019-07-15T10:50:49","guid":{"rendered":"http:\/\/cineclubbedarieux.fr\/?page_id=341"},"modified":"2019-10-01T20:41:20","modified_gmt":"2019-10-01T18:41:20","slug":"etre-adherent","status":"publish","type":"page","link":"https:\/\/cineclubbedarieux.fr\/index.php\/etre-adherent\/","title":{"rendered":"\u00catre Adh\u00e9rent"},"content":{"rendered":"\n<h1 class=\"wp-block-heading\">\u00catre adh\u00e9rent d\u2019un cin\u00e9-club<\/h1>\n\n\n\n<h3 class=\"wp-block-heading\" style=\"text-align:center\">C\u2019est d\u00e9couvrir des \u0153uvres des r\u00e9alisateurs d\u2019aujourd\u2019hui, d\u2019hier et ainsi d\u2019acqu\u00e9rir une culture cin\u00e9matographique.<\/h3>\n\n\n\n<h3 class=\"wp-block-heading\" style=\"text-align:center\">C\u2019est la possibilit\u00e9 de voir des films peu ou pas programm\u00e9s dans les salles commerciales.<\/h3>\n\n\n\n<h3 class=\"wp-block-heading\" style=\"text-align:center\">C\u2019est se frotter au langage cin\u00e9matographique riche de ses possibles<\/h3>\n\n\n\n<h3 class=\"wp-block-heading\" style=\"text-align:center\">C\u2019est prendre plaisir \u00e0 \u00e9changer et mettre \u00e0 l\u2019\u00e9preuve sa curiosit\u00e9.<\/h3>\n\n\n\n<h3 class=\"wp-block-heading\" style=\"text-align:center\">C\u2019est faire confiance \u00e0 une \u00e9quipe de programmation, que l\u2019on peut rejoindre, et savoir que m\u00eame en ignorant tout de l\u2019\u0153uvre programm\u00e9e celle-ci pr\u00e9sente un int\u00e9r\u00eat car choisie.<\/h3>\n","protected":false},"excerpt":{"rendered":"<p>\u00catre adh\u00e9rent d\u2019un cin\u00e9-club C\u2019est d\u00e9couvrir des \u0153uvres des r\u00e9alisateurs d\u2019aujourd\u2019hui, d\u2019hier et ainsi d\u2019acqu\u00e9rir une culture cin\u00e9matographique. C\u2019est la possibilit\u00e9 de voir des films peu ou pas programm\u00e9s dans &#8230;<\/p>\n","protected":false},"author":1,"featured_media":0,"parent":0,"menu_order":0,"comment_status":"closed","ping_status":"closed","template":"","meta":{"footnotes":""},"class_list":["post-341","page","type-page","status-publish","hentry"],"yoast_head":"<!-- This site is optimized with the Yoast SEO plugin v27.3 - https:\/\/yoast.com\/product\/yoast-seo-wordpress\/ -->\n<title>Comment \u00catre Adh\u00e9rent du Cin\u00e9 club de B\u00e9darieux<\/title>\n<meta name=\"description\" content=\"C\u2019est la possibilit\u00e9 de voir des films peu ou pas programm\u00e9s dans les salles commerciales. C\u2019est d\u00e9couvrir des \u0153uvres des r\u00e9alisateurs d\u2019aujourd\u2019hui,\" \/>\n<meta name=\"robots\" content=\"index, follow, max-snippet:-1, max-image-preview:large, max-video-preview:-1\" \/>\n<link rel=\"canonical\" href=\"https:\/\/cineclubbedarieux.fr\/index.php\/etre-adherent\/\" \/>\n<meta property=\"og:locale\" content=\"fr_FR\" \/>\n<meta property=\"og:type\" content=\"article\" \/>\n<meta property=\"og:title\" content=\"Comment \u00catre Adh\u00e9rent du Cin\u00e9 club de B\u00e9darieux\" \/>\n<meta property=\"og:description\" content=\"C\u2019est la possibilit\u00e9 de voir des films peu ou pas programm\u00e9s dans les salles commerciales. C\u2019est d\u00e9couvrir des \u0153uvres des r\u00e9alisateurs d\u2019aujourd\u2019hui,\" \/>\n<meta property=\"og:url\" content=\"https:\/\/cineclubbedarieux.fr\/index.php\/etre-adherent\/\" \/>\n<meta property=\"og:site_name\" content=\"CCB\" \/>\n<meta property=\"article:publisher\" content=\"https:\/\/www.facebook.com\/Cin%c3%a9-club-de-B%c3%a9darieux-107423303938487\" \/>\n<meta property=\"article:modified_time\" content=\"2019-10-01T18:41:20+00:00\" \/>\n<meta name=\"twitter:card\" content=\"summary_large_image\" \/>\n<meta name=\"twitter:label1\" content=\"Dur\u00e9e de lecture estim\u00e9e\" \/>\n\t<meta name=\"twitter:data1\" content=\"1 minute\" \/>\n<script type=\"application\/ld+json\" class=\"yoast-schema-graph\">{\"@context\":\"https:\\\/\\\/schema.org\",\"@graph\":[{\"@type\":\"WebPage\",\"@id\":\"https:\\\/\\\/cineclubbedarieux.fr\\\/index.php\\\/etre-adherent\\\/\",\"url\":\"https:\\\/\\\/cineclubbedarieux.fr\\\/index.php\\\/etre-adherent\\\/\",\"name\":\"Comment \u00catre Adh\u00e9rent du Cin\u00e9 club de B\u00e9darieux\",\"isPartOf\":{\"@id\":\"https:\\\/\\\/cineclubbedarieux.fr\\\/#website\"},\"datePublished\":\"2019-07-15T10:50:49+00:00\",\"dateModified\":\"2019-10-01T18:41:20+00:00\",\"description\":\"C\u2019est la possibilit\u00e9 de voir des films peu ou pas programm\u00e9s dans les salles commerciales. C\u2019est d\u00e9couvrir des \u0153uvres des r\u00e9alisateurs d\u2019aujourd\u2019hui,\",\"breadcrumb\":{\"@id\":\"https:\\\/\\\/cineclubbedarieux.fr\\\/index.php\\\/etre-adherent\\\/#breadcrumb\"},\"inLanguage\":\"fr-FR\",\"potentialAction\":[{\"@type\":\"ReadAction\",\"target\":[\"https:\\\/\\\/cineclubbedarieux.fr\\\/index.php\\\/etre-adherent\\\/\"]}]},{\"@type\":\"BreadcrumbList\",\"@id\":\"https:\\\/\\\/cineclubbedarieux.fr\\\/index.php\\\/etre-adherent\\\/#breadcrumb\",\"itemListElement\":[{\"@type\":\"ListItem\",\"position\":1,\"name\":\"Accueil\",\"item\":\"https:\\\/\\\/cineclubbedarieux.fr\\\/\"},{\"@type\":\"ListItem\",\"position\":2,\"name\":\"\u00catre Adh\u00e9rent\"}]},{\"@type\":\"WebSite\",\"@id\":\"https:\\\/\\\/cineclubbedarieux.fr\\\/#website\",\"url\":\"https:\\\/\\\/cineclubbedarieux.fr\\\/\",\"name\":\"CCB\",\"description\":\"acceuil\",\"publisher\":{\"@id\":\"https:\\\/\\\/cineclubbedarieux.fr\\\/#organization\"},\"potentialAction\":[{\"@type\":\"SearchAction\",\"target\":{\"@type\":\"EntryPoint\",\"urlTemplate\":\"https:\\\/\\\/cineclubbedarieux.fr\\\/?s={search_term_string}\"},\"query-input\":{\"@type\":\"PropertyValueSpecification\",\"valueRequired\":true,\"valueName\":\"search_term_string\"}}],\"inLanguage\":\"fr-FR\"},{\"@type\":\"Organization\",\"@id\":\"https:\\\/\\\/cineclubbedarieux.fr\\\/#organization\",\"name\":\"Cin\u00e9-club de B\u00e9darieux\",\"url\":\"https:\\\/\\\/cineclubbedarieux.fr\\\/\",\"logo\":{\"@type\":\"ImageObject\",\"inLanguage\":\"fr-FR\",\"@id\":\"https:\\\/\\\/cineclubbedarieux.fr\\\/#\\\/schema\\\/logo\\\/image\\\/\",\"url\":\"\",\"contentUrl\":\"\",\"caption\":\"Cin\u00e9-club de B\u00e9darieux\"},\"image\":{\"@id\":\"https:\\\/\\\/cineclubbedarieux.fr\\\/#\\\/schema\\\/logo\\\/image\\\/\"},\"sameAs\":[\"https:\\\/\\\/www.facebook.com\\\/Cin\u00e9-club-de-B\u00e9darieux-107423303938487\"]}]}<\/script>\n<!-- \/ Yoast SEO plugin. -->","yoast_head_json":{"title":"Comment \u00catre Adh\u00e9rent du Cin\u00e9 club de B\u00e9darieux","description":"C\u2019est la possibilit\u00e9 de voir des films peu ou pas programm\u00e9s dans les salles commerciales. C\u2019est d\u00e9couvrir des \u0153uvres des r\u00e9alisateurs d\u2019aujourd\u2019hui,","robots":{"index":"index","follow":"follow","max-snippet":"max-snippet:-1","max-image-preview":"max-image-preview:large","max-video-preview":"max-video-preview:-1"},"canonical":"https:\/\/cineclubbedarieux.fr\/index.php\/etre-adherent\/","og_locale":"fr_FR","og_type":"article","og_title":"Comment \u00catre Adh\u00e9rent du Cin\u00e9 club de B\u00e9darieux","og_description":"C\u2019est la possibilit\u00e9 de voir des films peu ou pas programm\u00e9s dans les salles commerciales. C\u2019est d\u00e9couvrir des \u0153uvres des r\u00e9alisateurs d\u2019aujourd\u2019hui,","og_url":"https:\/\/cineclubbedarieux.fr\/index.php\/etre-adherent\/","og_site_name":"CCB","article_publisher":"https:\/\/www.facebook.com\/Cin%c3%a9-club-de-B%c3%a9darieux-107423303938487","article_modified_time":"2019-10-01T18:41:20+00:00","twitter_card":"summary_large_image","twitter_misc":{"Dur\u00e9e de lecture estim\u00e9e":"1 minute"},"schema":{"@context":"https:\/\/schema.org","@graph":[{"@type":"WebPage","@id":"https:\/\/cineclubbedarieux.fr\/index.php\/etre-adherent\/","url":"https:\/\/cineclubbedarieux.fr\/index.php\/etre-adherent\/","name":"Comment \u00catre Adh\u00e9rent du Cin\u00e9 club de B\u00e9darieux","isPartOf":{"@id":"https:\/\/cineclubbedarieux.fr\/#website"},"datePublished":"2019-07-15T10:50:49+00:00","dateModified":"2019-10-01T18:41:20+00:00","description":"C\u2019est la possibilit\u00e9 de voir des films peu ou pas programm\u00e9s dans les salles commerciales. C\u2019est d\u00e9couvrir des \u0153uvres des r\u00e9alisateurs d\u2019aujourd\u2019hui,","breadcrumb":{"@id":"https:\/\/cineclubbedarieux.fr\/index.php\/etre-adherent\/#breadcrumb"},"inLanguage":"fr-FR","potentialAction":[{"@type":"ReadAction","target":["https:\/\/cineclubbedarieux.fr\/index.php\/etre-adherent\/"]}]},{"@type":"BreadcrumbList","@id":"https:\/\/cineclubbedarieux.fr\/index.php\/etre-adherent\/#breadcrumb","itemListElement":[{"@type":"ListItem","position":1,"name":"Accueil","item":"https:\/\/cineclubbedarieux.fr\/"},{"@type":"ListItem","position":2,"name":"\u00catre Adh\u00e9rent"}]},{"@type":"WebSite","@id":"https:\/\/cineclubbedarieux.fr\/#website","url":"https:\/\/cineclubbedarieux.fr\/","name":"CCB","description":"acceuil","publisher":{"@id":"https:\/\/cineclubbedarieux.fr\/#organization"},"potentialAction":[{"@type":"SearchAction","target":{"@type":"EntryPoint","urlTemplate":"https:\/\/cineclubbedarieux.fr\/?s={search_term_string}"},"query-input":{"@type":"PropertyValueSpecification","valueRequired":true,"valueName":"search_term_string"}}],"inLanguage":"fr-FR"},{"@type":"Organization","@id":"https:\/\/cineclubbedarieux.fr\/#organization","name":"Cin\u00e9-club de B\u00e9darieux","url":"https:\/\/cineclubbedarieux.fr\/","logo":{"@type":"ImageObject","inLanguage":"fr-FR","@id":"https:\/\/cineclubbedarieux.fr\/#\/schema\/logo\/image\/","url":"","contentUrl":"","caption":"Cin\u00e9-club de B\u00e9darieux"},"image":{"@id":"https:\/\/cineclubbedarieux.fr\/#\/schema\/logo\/image\/"},"sameAs":["https:\/\/www.facebook.com\/Cin\u00e9-club-de-B\u00e9darieux-107423303938487"]}]}},"_links":{"self":[{"href":"https:\/\/cineclubbedarieux.fr\/index.php\/wp-json\/wp\/v2\/pages\/341","targetHints":{"allow":["GET"]}}],"collection":[{"href":"https:\/\/cineclubbedarieux.fr\/index.php\/wp-json\/wp\/v2\/pages"}],"about":[{"href":"https:\/\/cineclubbedarieux.fr\/index.php\/wp-json\/wp\/v2\/types\/page"}],"author":[{"embeddable":true,"href":"https:\/\/cineclubbedarieux.fr\/index.php\/wp-json\/wp\/v2\/users\/1"}],"replies":[{"embeddable":true,"href":"https:\/\/cineclubbedarieux.fr\/index.php\/wp-json\/wp\/v2\/comments?post=341"}],"version-history":[{"count":6,"href":"https:\/\/cineclubbedarieux.fr\/index.php\/wp-json\/wp\/v2\/pages\/341\/revisions"}],"predecessor-version":[{"id":1267,"href":"https:\/\/cineclubbedarieux.fr\/index.php\/wp-json\/wp\/v2\/pages\/341\/revisions\/1267"}],"wp:attachment":[{"href":"https:\/\/cineclubbedarieux.fr\/index.php\/wp-json\/wp\/v2\/media?parent=341"}],"curies":[{"name":"wp","href":"https:\/\/api.w.org\/{rel}","templated":true}]}}